{"id":9179,"date":"2023-07-10T10:39:47","date_gmt":"2023-07-10T08:39:47","guid":{"rendered":"http:\/\/outdoorstudio.ro\/greensearch\/ugyfeleknek\/"},"modified":"2023-08-23T23:44:35","modified_gmt":"2023-08-23T21:44:35","slug":"to-employers","status":"publish","type":"page","link":"http:\/\/outdoorstudio.ro\/greensearch\/en\/to-employers\/","title":{"rendered":"To Employers"},"content":{"rendered":"\t\t<div data-elementor-type=\"wp-page\" data-elementor-id=\"9179\" class=\"elementor elementor-9179 elementor-41\" data-elementor-settings=\"[]\">\n\t\t\t\t\t\t\t<div class=\"elementor-section-wrap\">\n\t\t\t\t\t\t\t<section class=\"elementor-section elementor-top-section elementor-element elementor-element-6a0b4cf dsvy-col-stretched-none dsvy-bg-color-over-image elementor-section-boxed elementor-section-height-default elementor-section-height-default\" data-id=\"6a0b4cf\" data-element_type=\"section\">\n\t\t\t\t\t\t<div class=\"elementor-container elementor-column-gap-no\">\n\t\t\t\t\t<div class=\"elementor-column elementor-col-100 elementor-top-column elementor-element elementor-element-bbcc459 dsvy-bg-color-over-image\" data-id=\"bbcc459\" data-element_type=\"column\">\n\t\t\t<div class=\"elementor-widget-wrap elementor-element-populated\">\n\t\t\t\t\t\t\t\t<div class=\"elementor-element elementor-element-0f1075b elementor-widget elementor-widget-dsvy_service_element\" data-id=\"0f1075b\" data-element_type=\"widget\" data-widget_type=\"dsvy_service_element.default\">\n\t\t\t\t<div class=\"elementor-widget-container\">\n\t\t\t\r\n\t\t<div class=\"designervily-element designervily-element-service dsvy-element-service-style-3 designervily-element-viewtype-row-column designervily-gap-30px\" data-show=\"9\" data-columns=\"3\" data-loop=\"false\" data-autoplay=\"false\" data-center=\"false\" data-nav=\"false\" data-dots=\"false\" data-autoplayspeed=\"1000\" data-margin=\"30px\"><div class=\"designervily-element-inner\">\r\n\t\t\r\n\t\t\t<div class=\"dsvy-ele-header-area\">\r\n\t\t\t\t\t<div class=\"dsvy-heading-subheading left-align \"><\/div>\r\n\t\t\t\t\r\n\t\t\t<\/div>\r\n\r\n\t\t\t<div class=\"dsvy-element-posts-wrapper row multi-columns-row\">\r\n\r\n\t\t\t<article class=\"dsvy-ele dsvy-ele-service dsvy-service-style-3 col-md-4 to-employers  \"><div class=\"designervily-post-item\">\r\n\t<div class=\"dsvy-featured-wrapper\"><a href=\"http:\/\/outdoorstudio.ro\/greensearch\/en\/ugyfelek\/direct-search\/\"><img loading=\"lazy\" decoding=\"async\" width=\"600\" height=\"532\" src=\"http:\/\/outdoorstudio.ro\/greensearch\/wp-content\/uploads\/direkt-kereses-600x532.jpg\" class=\"attachment-dsvy-img-600x700 size-dsvy-img-600x700 wp-post-image\" alt=\"\" \/><\/a><\/div>\t\r\n\t<div class=\"designervily-box-content\"> \r\n\t\t<div class=\"designervily-box-content-inner\">\r\n\t\t\t<div class=\"dsvy-service-cat\"><a href=\"http:\/\/outdoorstudio.ro\/greensearch\/en\/service-category\/to-employers\/\" rel=\"tag\">To Employers<\/a><\/div>\r\n\t\t\t<h3 class=\"dsvy-service-title\"><a href=\"http:\/\/outdoorstudio.ro\/greensearch\/en\/ugyfelek\/direct-search\/\">Direct search<\/a><\/h3> \r\n\t\t<\/div>\r\n\t<\/div>\r\n<\/div>\r\n<\/article><article class=\"dsvy-ele dsvy-ele-service dsvy-service-style-3 col-md-4 to-employers  \"><div class=\"designervily-post-item\">\r\n\t<div class=\"dsvy-featured-wrapper\"><a href=\"http:\/\/outdoorstudio.ro\/greensearch\/en\/ugyfelek\/outplacement\/\"><img loading=\"lazy\" decoding=\"async\" width=\"600\" height=\"532\" src=\"http:\/\/outdoorstudio.ro\/greensearch\/wp-content\/uploads\/gondoskodo-elbocsatas-600x532.jpg\" class=\"attachment-dsvy-img-600x700 size-dsvy-img-600x700 wp-post-image\" alt=\"\" \/><\/a><\/div>\t\r\n\t<div class=\"designervily-box-content\"> \r\n\t\t<div class=\"designervily-box-content-inner\">\r\n\t\t\t<div class=\"dsvy-service-cat\"><a href=\"http:\/\/outdoorstudio.ro\/greensearch\/en\/service-category\/to-employers\/\" rel=\"tag\">To Employers<\/a><\/div>\r\n\t\t\t<h3 class=\"dsvy-service-title\"><a href=\"http:\/\/outdoorstudio.ro\/greensearch\/en\/ugyfelek\/outplacement\/\">Outplacement<\/a><\/h3> \r\n\t\t<\/div>\r\n\t<\/div>\r\n<\/div>\r\n<\/article><article class=\"dsvy-ele dsvy-ele-service dsvy-service-style-3 col-md-4 to-employers  \"><div class=\"designervily-post-item\">\r\n\t<div class=\"dsvy-featured-wrapper\"><a href=\"http:\/\/outdoorstudio.ro\/greensearch\/en\/ugyfelek\/exit-interview\/\"><img loading=\"lazy\" decoding=\"async\" width=\"600\" height=\"532\" src=\"http:\/\/outdoorstudio.ro\/greensearch\/wp-content\/uploads\/exit-interju-600x532.jpg\" class=\"attachment-dsvy-img-600x700 size-dsvy-img-600x700 wp-post-image\" alt=\"\" \/><\/a><\/div>\t\r\n\t<div class=\"designervily-box-content\"> \r\n\t\t<div class=\"designervily-box-content-inner\">\r\n\t\t\t<div class=\"dsvy-service-cat\"><a href=\"http:\/\/outdoorstudio.ro\/greensearch\/en\/service-category\/to-employers\/\" rel=\"tag\">To Employers<\/a><\/div>\r\n\t\t\t<h3 class=\"dsvy-service-title\"><a href=\"http:\/\/outdoorstudio.ro\/greensearch\/en\/ugyfelek\/exit-interview\/\">Exit Interview<\/a><\/h3> \r\n\t\t<\/div>\r\n\t<\/div>\r\n<\/div>\r\n<\/article>\r\n\t\t\t<\/div>\r\n\r\n\t\t\t\r\n\t\t\r\n\t\t<\/div><!-- .designervily-element-inner -->   <\/div><!-- .designervily-element -->  \r\n\t    \t\t<\/div>\n\t\t\t\t<\/div>\n\t\t\t\t\t<\/div>\n\t\t<\/div>\n\t\t\t\t\t\t\t<\/div>\n\t\t<\/section>\n\t\t\t\t\t\t<\/div>\n\t\t\t\t\t<\/div>\n\t\t","protected":false},"excerpt":{"rendered":"<p>Direkt keres\u00e9s Direkt keres\u00e9s Direkt keres\u00e9s Gondoskod\u00f3 elbocs\u00e1t\u00e1s<\/p>\n","protected":false},"author":1,"featured_media":0,"parent":0,"menu_order":10,"comment_status":"closed","ping_status":"closed","template":"","meta":{"footnotes":""},"class_list":["post-9179","page","type-page","status-publish","hentry"],"acf":[],"_links":{"self":[{"href":"http:\/\/outdoorstudio.ro\/greensearch\/en\/wp-json\/wp\/v2\/pages\/9179","targetHints":{"allow":["GET"]}}],"collection":[{"href":"http:\/\/outdoorstudio.ro\/greensearch\/en\/wp-json\/wp\/v2\/pages"}],"about":[{"href":"http:\/\/outdoorstudio.ro\/greensearch\/en\/wp-json\/wp\/v2\/types\/page"}],"author":[{"embeddable":true,"href":"http:\/\/outdoorstudio.ro\/greensearch\/en\/wp-json\/wp\/v2\/users\/1"}],"replies":[{"embeddable":true,"href":"http:\/\/outdoorstudio.ro\/greensearch\/en\/wp-json\/wp\/v2\/comments?post=9179"}],"version-history":[{"count":1,"href":"http:\/\/outdoorstudio.ro\/greensearch\/en\/wp-json\/wp\/v2\/pages\/9179\/revisions"}],"predecessor-version":[{"id":9180,"href":"http:\/\/outdoorstudio.ro\/greensearch\/en\/wp-json\/wp\/v2\/pages\/9179\/revisions\/9180"}],"wp:attachment":[{"href":"http:\/\/outdoorstudio.ro\/greensearch\/en\/wp-json\/wp\/v2\/media?parent=9179"}],"curies":[{"name":"wp","href":"https:\/\/api.w.org\/{rel}","templated":true}]}}