{"id":9188,"date":"2023-07-13T18:36:29","date_gmt":"2023-07-13T16:36:29","guid":{"rendered":"http:\/\/outdoorstudio.ro\/greensearch\/gs-exclusive\/"},"modified":"2023-09-20T13:47:59","modified_gmt":"2023-09-20T11:47:59","slug":"gs-exclusive","status":"publish","type":"page","link":"http:\/\/outdoorstudio.ro\/greensearch\/en\/gs-exclusive\/","title":{"rendered":"GS exclusive"},"content":{"rendered":"\t\t<div data-elementor-type=\"wp-page\" data-elementor-id=\"9188\" class=\"elementor elementor-9188 elementor-8645\" data-elementor-settings=\"[]\">\n\t\t\t\t\t\t\t<div class=\"elementor-section-wrap\">\n\t\t\t\t\t\t\t<section class=\"elementor-section elementor-top-section elementor-element elementor-element-69180f8 dsvy-col-stretched-none dsvy-bg-color-over-image elementor-section-boxed elementor-section-height-default elementor-section-height-default\" data-id=\"69180f8\" data-element_type=\"section\">\n\t\t\t\t\t\t<div class=\"elementor-container elementor-column-gap-default\">\n\t\t\t\t\t<div class=\"elementor-column elementor-col-100 elementor-top-column elementor-element elementor-element-97fe8b0 dsvy-bg-color-over-image\" data-id=\"97fe8b0\" data-element_type=\"column\">\n\t\t\t<div class=\"elementor-widget-wrap elementor-element-populated\">\n\t\t\t\t\t\t\t\t<div class=\"elementor-element elementor-element-6877068 dsvy-align-center elementor-widget elementor-widget-dsvy_heading\" data-id=\"6877068\" data-element_type=\"widget\" data-widget_type=\"dsvy_heading.default\">\n\t\t\t\t<div class=\"elementor-widget-container\">\n\t\t\t\t<div class=\"dsvy-heading-subheading center-align dsvy-reverse-heading-yes\"><h2 class=\"dsvy-element-title\">\r\n\t\t\t\r\n\t\t\t\tWhy was GS exclusive created?\r\n\t\t\t\r\n\t\t\t<\/h2>\r\n\t\t<\/div>\t\t<\/div>\n\t\t\t\t<\/div>\n\t\t\t\t\t<\/div>\n\t\t<\/div>\n\t\t\t\t\t\t\t<\/div>\n\t\t<\/section>\n\t\t\t\t<section class=\"elementor-section elementor-top-section elementor-element elementor-element-c17c473 dsvy-col-stretched-none dsvy-bg-color-over-image elementor-section-boxed elementor-section-height-default elementor-section-height-default\" data-id=\"c17c473\" data-element_type=\"section\">\n\t\t\t\t\t\t<div class=\"elementor-container elementor-column-gap-default\">\n\t\t\t\t\t<div class=\"elementor-column elementor-col-100 elementor-top-column elementor-element elementor-element-45e28ec dsvy-bg-color-over-image\" data-id=\"45e28ec\" data-element_type=\"column\">\n\t\t\t<div class=\"elementor-widget-wrap elementor-element-populated\">\n\t\t\t\t\t\t\t\t<div class=\"elementor-element elementor-element-651375b elementor-widget elementor-widget-text-editor\" data-id=\"651375b\" data-element_type=\"widget\" data-widget_type=\"text-editor.default\">\n\t\t\t\t<div class=\"elementor-widget-container\">\n\t\t\t\t\t\t\t<p><strong>Looking back on Greensearch&#8217;s 10-year history, our team has often been asked important questions that concern our candidates during the selection process.<\/strong> There are usually about writing a CV, going to a first personal interview, salary negotiation, special situations, or general advice.<\/p><p>Answering the questions gave birth to our GS exclusive professional forum, where you can ask Greensearch HR professionals questions every week on Wednesdays between 17:00 and 18:00 on Teams. The members of our team are specialised in different fields, so they have a broad insight into the current trends in the market. Our colleagues are happy to answer any questions you may have.<\/p>\t\t\t\t\t\t<\/div>\n\t\t\t\t<\/div>\n\t\t\t\t\t<\/div>\n\t\t<\/div>\n\t\t\t\t\t\t\t<\/div>\n\t\t<\/section>\n\t\t\t\t<section class=\"elementor-section elementor-top-section elementor-element elementor-element-8aaaa6f dsvy-col-stretched-none dsvy-bg-color-over-image elementor-section-boxed elementor-section-height-default elementor-section-height-default\" data-id=\"8aaaa6f\" data-element_type=\"section\">\n\t\t\t\t\t\t<div class=\"elementor-container elementor-column-gap-default\">\n\t\t\t\t\t<div class=\"elementor-column elementor-col-100 elementor-top-column elementor-element elementor-element-453d0a2 dsvy-bg-color-over-image\" data-id=\"453d0a2\" data-element_type=\"column\">\n\t\t\t<div class=\"elementor-widget-wrap elementor-element-populated\">\n\t\t\t\t\t\t\t\t<div class=\"elementor-element elementor-element-39af470 elementor-widget elementor-widget-image\" data-id=\"39af470\" data-element_type=\"widget\" data-widget_type=\"image.default\">\n\t\t\t\t<div class=\"elementor-widget-container\">\n\t\t\t\t\t\t\t\t\t\t\t\t\t\t\t<img loading=\"lazy\" decoding=\"async\" width=\"805\" height=\"734\" src=\"http:\/\/outdoorstudio.ro\/greensearch\/wp-content\/uploads\/gs-exc-en.png\" class=\"attachment-large size-large\" alt=\"\" \/>\t\t\t\t\t\t\t\t\t\t\t\t\t\t\t<\/div>\n\t\t\t\t<\/div>\n\t\t\t\t<div class=\"elementor-element elementor-element-1c2a2dd elementor-widget elementor-widget-text-editor\" data-id=\"1c2a2dd\" data-element_type=\"widget\" data-widget_type=\"text-editor.default\">\n\t\t\t\t<div class=\"elementor-widget-container\">\n\t\t\t\t\t\t\t<p>Milyen csatorn\u00e1kon keressek \u00faj lehet\u0151s\u00e9geket? P\u00e1lyam\u00f3dos\u00edt\u00e1s. B\u00e9rt\u00e1gyal\u00e1s. Miben tud seg\u00edteni egy fejvad\u00e1sz? Re\u00e1lis a fizet\u00e9si elv\u00e1s\u00e1rsom?<br \/>Mit tegyek \u00e9s mit ne tegyek egy interj\u00fan? Mit tegyek, felmondtak? Mit tegyek, el szeretn\u00e9k j\u00f6nni, ki szeretn\u00e9k l\u00e9pni. \u00d6n\u00e9letrajz, linkedin profil, hogyan lehet j\u00f3l k\u00e9sz\u00edteni?<\/p>\t\t\t\t\t\t<\/div>\n\t\t\t\t<\/div>\n\t\t\t\t\t<\/div>\n\t\t<\/div>\n\t\t\t\t\t\t\t<\/div>\n\t\t<\/section>\n\t\t\t\t<section class=\"elementor-section elementor-top-section elementor-element elementor-element-c12b2c2 dsvy-col-stretched-none dsvy-bg-color-over-image elementor-section-boxed elementor-section-height-default elementor-section-height-default\" data-id=\"c12b2c2\" data-element_type=\"section\">\n\t\t\t\t\t\t<div class=\"elementor-container elementor-column-gap-default\">\n\t\t\t\t\t<div class=\"elementor-column elementor-col-100 elementor-top-column elementor-element elementor-element-822a73a dsvy-bg-color-over-image\" data-id=\"822a73a\" data-element_type=\"column\">\n\t\t\t<div class=\"elementor-widget-wrap elementor-element-populated\">\n\t\t\t\t\t\t\t\t<div class=\"elementor-element elementor-element-ac16fe3 dsvy-align-center elementor-widget elementor-widget-dsvy_heading\" data-id=\"ac16fe3\" data-element_type=\"widget\" data-widget_type=\"dsvy_heading.default\">\n\t\t\t\t<div class=\"elementor-widget-container\">\n\t\t\t\t<div class=\"dsvy-heading-subheading center-align dsvy-reverse-heading-yes\"><h2 class=\"dsvy-element-title\">\r\n\t\t\t\r\n\t\t\t\tGS exclusive was created so that these questions can be answered by our HR specialists.\r\n\t\t\t\r\n\t\t\t<\/h2>\r\n\t\t<\/div>\t\t<\/div>\n\t\t\t\t<\/div>\n\t\t\t\t\t<\/div>\n\t\t<\/div>\n\t\t\t\t\t\t\t<\/div>\n\t\t<\/section>\n\t\t\t\t<section class=\"elementor-section elementor-top-section elementor-element elementor-element-b4b5ef1 elementor-section-full_width elementor-section-stretched dsvy-col-stretched-none dsvy-bg-color-over-image elementor-section-height-default elementor-section-height-default\" data-id=\"b4b5ef1\" data-element_type=\"section\" data-settings=\"{&quot;stretch_section&quot;:&quot;section-stretched&quot;,&quot;background_background&quot;:&quot;classic&quot;}\">\n\t\t\t\t\t\t<div class=\"elementor-container elementor-column-gap-default\">\n\t\t\t\t\t<div class=\"elementor-column elementor-col-100 elementor-top-column elementor-element elementor-element-14a83e1 dsvy-bg-color-over-image\" data-id=\"14a83e1\" data-element_type=\"column\">\n\t\t\t<div class=\"elementor-widget-wrap elementor-element-populated\">\n\t\t\t\t\t\t\t\t<div class=\"elementor-element elementor-element-a8fe14a dsvy-align-center elementor-widget elementor-widget-dsvy_heading\" data-id=\"a8fe14a\" data-element_type=\"widget\" data-widget_type=\"dsvy_heading.default\">\n\t\t\t\t<div class=\"elementor-widget-container\">\n\t\t\t\t<div class=\"dsvy-heading-subheading center-align dsvy-reverse-heading-yes\"><h2 class=\"dsvy-element-title\">\r\n\t\t\t<a href=\"https:\/\/tinyurl.com\/GS-exclusive\" target=\"_blank\"><span>\r\n\t\t\t\tJoin our GS exclusive professional forum every Wednesday between 17.00 and 18.00 on Teams! CLICK\n\r\n\t\t\t<\/span><\/a>\r\n\t\t\t<\/h2>\r\n\t\t<\/div>\t\t<\/div>\n\t\t\t\t<\/div>\n\t\t\t\t\t<\/div>\n\t\t<\/div>\n\t\t\t\t\t\t\t<\/div>\n\t\t<\/section>\n\t\t\t\t\t\t<\/div>\n\t\t\t\t\t<\/div>\n\t\t","protected":false},"excerpt":{"rendered":"<p>Why was GS exclusive created? Looking back on Greensearch&#8217;s 10-year history, our team has often been asked important questions that concern our candidates during the selection process. There are usually about writing a CV, going to a first personal interview, salary negotiation, special situations, or general advice. Answering the questions gave birth to our GS exclusive professional forum, where you can ask Greensearch HR professionals questions every week on Wednesdays[&hellip;]<\/p>\n","protected":false},"author":1,"featured_media":0,"parent":0,"menu_order":8,"comment_status":"closed","ping_status":"closed","template":"","meta":{"footnotes":""},"class_list":["post-9188","page","type-page","status-publish","hentry"],"acf":[],"_links":{"self":[{"href":"http:\/\/outdoorstudio.ro\/greensearch\/en\/wp-json\/wp\/v2\/pages\/9188","targetHints":{"allow":["GET"]}}],"collection":[{"href":"http:\/\/outdoorstudio.ro\/greensearch\/en\/wp-json\/wp\/v2\/pages"}],"about":[{"href":"http:\/\/outdoorstudio.ro\/greensearch\/en\/wp-json\/wp\/v2\/types\/page"}],"author":[{"embeddable":true,"href":"http:\/\/outdoorstudio.ro\/greensearch\/en\/wp-json\/wp\/v2\/users\/1"}],"replies":[{"embeddable":true,"href":"http:\/\/outdoorstudio.ro\/greensearch\/en\/wp-json\/wp\/v2\/comments?post=9188"}],"version-history":[{"count":7,"href":"http:\/\/outdoorstudio.ro\/greensearch\/en\/wp-json\/wp\/v2\/pages\/9188\/revisions"}],"predecessor-version":[{"id":9414,"href":"http:\/\/outdoorstudio.ro\/greensearch\/en\/wp-json\/wp\/v2\/pages\/9188\/revisions\/9414"}],"wp:attachment":[{"href":"http:\/\/outdoorstudio.ro\/greensearch\/en\/wp-json\/wp\/v2\/media?parent=9188"}],"curies":[{"name":"wp","href":"https:\/\/api.w.org\/{rel}","templated":true}]}}