{"id":8555,"date":"2023-07-13T08:43:37","date_gmt":"2023-07-13T06:43:37","guid":{"rendered":"http:\/\/outdoorstudio.ro\/greensearch\/?page_id=8555"},"modified":"2023-09-05T15:29:46","modified_gmt":"2023-09-05T13:29:46","slug":"referencia","status":"publish","type":"page","link":"http:\/\/outdoorstudio.ro\/greensearch\/referencia\/","title":{"rendered":"Referencia"},"content":{"rendered":"\t\t<div data-elementor-type=\"wp-page\" data-elementor-id=\"8555\" class=\"elementor elementor-8555\" data-elementor-settings=\"[]\">\n\t\t\t\t\t\t\t<div class=\"elementor-section-wrap\">\n\t\t\t\t\t\t\t<section class=\"elementor-section elementor-top-section elementor-element elementor-element-529573d dsvy-col-stretched-none dsvy-bg-color-over-image elementor-section-boxed elementor-section-height-default elementor-section-height-default\" data-id=\"529573d\" data-element_type=\"section\">\n\t\t\t\t\t\t<div class=\"elementor-container elementor-column-gap-default\">\n\t\t\t\t\t<div class=\"elementor-column elementor-col-100 elementor-top-column elementor-element elementor-element-0575d2a dsvy-bg-color-over-image\" data-id=\"0575d2a\" data-element_type=\"column\">\n\t\t\t<div class=\"elementor-widget-wrap elementor-element-populated\">\n\t\t\t\t\t\t\t\t<div class=\"elementor-element elementor-element-6877068 dsvy-align-center elementor-widget elementor-widget-dsvy_heading\" data-id=\"6877068\" data-element_type=\"widget\" data-widget_type=\"dsvy_heading.default\">\n\t\t\t\t<div class=\"elementor-widget-container\">\n\t\t\t\t<div class=\"dsvy-heading-subheading center-align dsvy-reverse-heading-yes\"><h4 class=\"dsvy-element-subtitle\">\r\n\t\t\t\r\n\t\t\t\tAz elm\u00falt 5 \u00e9v kiemelt partnerei\r\n\t\t\t\r\n\t\t\t<\/h4>\r\n\t\t<h2 class=\"dsvy-element-title\">\r\n\t\t\t\r\n\t\t\t\tReferenci\u00e1inkb\u00f3l\r\n\t\t\t\r\n\t\t\t<\/h2>\r\n\t\t<\/div>\t\t<\/div>\n\t\t\t\t<\/div>\n\t\t\t\t\t<\/div>\n\t\t<\/div>\n\t\t\t\t\t\t\t<\/div>\n\t\t<\/section>\n\t\t\t\t<section class=\"elementor-section elementor-top-section elementor-element elementor-element-69180f8 dsvy-col-stretched-none dsvy-bg-color-over-image elementor-section-boxed elementor-section-height-default elementor-section-height-default\" data-id=\"69180f8\" data-element_type=\"section\">\n\t\t\t\t\t\t<div class=\"elementor-container elementor-column-gap-default\">\n\t\t\t\t\t<div class=\"elementor-column elementor-col-100 elementor-top-column elementor-element elementor-element-97fe8b0 dsvy-bg-color-over-image\" data-id=\"97fe8b0\" data-element_type=\"column\">\n\t\t\t<div class=\"elementor-widget-wrap elementor-element-populated\">\n\t\t\t\t\t\t\t\t<div class=\"elementor-element elementor-element-93eb372 elementor-widget elementor-widget-dsvy_client_element\" data-id=\"93eb372\" data-element_type=\"widget\" data-widget_type=\"dsvy_client_element.default\">\n\t\t\t\t<div class=\"elementor-widget-container\">\n\t\t\t\r\n\t\t<div class=\"designervily-element designervily-element-client dsvy-element-client-style-1 designervily-element-viewtype-row-column designervily-gap-50px\" data-show=\"100\" data-columns=\"4\" data-loop=\"false\" data-autoplay=\"false\" data-center=\"false\" data-nav=\"false\" data-dots=\"false\" data-autoplayspeed=\"1000\" data-margin=\"50px\"><div class=\"designervily-element-inner\">\r\n\t\t\r\n\t\t\t<div class=\"dsvy-ele-header-area\">\r\n\t\t\t\t\t<div class=\"dsvy-heading-subheading left-align \"><\/div>\r\n\t\t\t\t\r\n\t\t\t<\/div>\r\n\r\n\t\t\t<div class=\"dsvy-element-posts-wrapper row multi-columns-row\">\r\n\r\n\t\t\t<article class=\"dsvy-ele dsvy-ele-client dsvy-client-style-1 col-md-6 col-lg-3   \"><div class=\"dsvy-client-wrapper\">\r\n\t<h4 class=\"dsvy-hide\">Barentz<\/h4>\r\n\t\t\t<div class=\"dsvy-featured-wrapper\"><a href=\"http:\/\/outdoorstudio.ro\/greensearch\/client\/barentz\/\"><img loading=\"lazy\" decoding=\"async\" width=\"321\" height=\"321\" src=\"http:\/\/outdoorstudio.ro\/greensearch\/wp-content\/uploads\/21-barents.png\" class=\"attachment-dsvy-img-770x9999 size-dsvy-img-770x9999 wp-post-image\" alt=\"\" srcset=\"http:\/\/outdoorstudio.ro\/greensearch\/wp-content\/uploads\/21-barents.png 321w, http:\/\/outdoorstudio.ro\/greensearch\/wp-content\/uploads\/21-barents-300x300.png 300w\" sizes=\"auto, (max-width: 321px) 100vw, 321px\" \/><\/a><\/div>\t<\/div><\/article><article class=\"dsvy-ele dsvy-ele-client dsvy-client-style-1 col-md-6 col-lg-3   \"><div class=\"dsvy-client-wrapper\">\r\n\t<h4 class=\"dsvy-hide\">Boortmalt<\/h4>\r\n\t\t\t<div class=\"dsvy-featured-wrapper\"><a href=\"http:\/\/outdoorstudio.ro\/greensearch\/client\/boortmalt\/\"><img loading=\"lazy\" decoding=\"async\" width=\"321\" height=\"221\" src=\"http:\/\/outdoorstudio.ro\/greensearch\/wp-content\/uploads\/11-boortmalt.png\" class=\"attachment-dsvy-img-770x9999 size-dsvy-img-770x9999 wp-post-image\" alt=\"\" \/><\/a><\/div>\t<\/div><\/article><article class=\"dsvy-ele dsvy-ele-client dsvy-client-style-1 col-md-6 col-lg-3   \"><div class=\"dsvy-client-wrapper\">\r\n\t<h4 class=\"dsvy-hide\">Borealis<\/h4>\r\n\t\t\t<div class=\"dsvy-featured-wrapper\"><a href=\"http:\/\/outdoorstudio.ro\/greensearch\/client\/borealis\/\"><img loading=\"lazy\" decoding=\"async\" width=\"321\" height=\"321\" src=\"http:\/\/outdoorstudio.ro\/greensearch\/wp-content\/uploads\/22-borealis.png\" class=\"attachment-dsvy-img-770x9999 size-dsvy-img-770x9999 wp-post-image\" alt=\"\" srcset=\"http:\/\/outdoorstudio.ro\/greensearch\/wp-content\/uploads\/22-borealis.png 321w, http:\/\/outdoorstudio.ro\/greensearch\/wp-content\/uploads\/22-borealis-300x300.png 300w\" sizes=\"auto, (max-width: 321px) 100vw, 321px\" \/><\/a><\/div>\t<\/div><\/article><article class=\"dsvy-ele dsvy-ele-client dsvy-client-style-1 col-md-6 col-lg-3   \"><div class=\"dsvy-client-wrapper\">\r\n\t<h4 class=\"dsvy-hide\">Daikin<\/h4>\r\n\t\t\t<div class=\"dsvy-featured-wrapper\"><a href=\"http:\/\/outdoorstudio.ro\/greensearch\/client\/client-1\/\"><img loading=\"lazy\" decoding=\"async\" width=\"321\" height=\"321\" src=\"http:\/\/outdoorstudio.ro\/greensearch\/wp-content\/uploads\/1-daikin_logo.png\" class=\"attachment-dsvy-img-770x9999 size-dsvy-img-770x9999 wp-post-image\" alt=\"\" srcset=\"http:\/\/outdoorstudio.ro\/greensearch\/wp-content\/uploads\/1-daikin_logo.png 321w, http:\/\/outdoorstudio.ro\/greensearch\/wp-content\/uploads\/1-daikin_logo-300x300.png 300w\" sizes=\"auto, (max-width: 321px) 100vw, 321px\" \/><\/a><\/div>\t<\/div><\/article><article class=\"dsvy-ele dsvy-ele-client dsvy-client-style-1 col-md-6 col-lg-3   \"><div class=\"dsvy-client-wrapper\">\r\n\t<h4 class=\"dsvy-hide\">DHL<\/h4>\r\n\t\t\t<div class=\"dsvy-featured-wrapper\"><a href=\"http:\/\/outdoorstudio.ro\/greensearch\/client\/dhl\/\"><img loading=\"lazy\" decoding=\"async\" width=\"321\" height=\"321\" src=\"http:\/\/outdoorstudio.ro\/greensearch\/wp-content\/uploads\/19-dhl.png\" class=\"attachment-dsvy-img-770x9999 size-dsvy-img-770x9999 wp-post-image\" alt=\"\" srcset=\"http:\/\/outdoorstudio.ro\/greensearch\/wp-content\/uploads\/19-dhl.png 321w, http:\/\/outdoorstudio.ro\/greensearch\/wp-content\/uploads\/19-dhl-300x300.png 300w\" sizes=\"auto, (max-width: 321px) 100vw, 321px\" \/><\/a><\/div>\t<\/div><\/article><article class=\"dsvy-ele dsvy-ele-client dsvy-client-style-1 col-md-6 col-lg-3   \"><div class=\"dsvy-client-wrapper\">\r\n\t<h4 class=\"dsvy-hide\">Elmotech<\/h4>\r\n\t\t\t<div class=\"dsvy-featured-wrapper\"><a href=\"http:\/\/outdoorstudio.ro\/greensearch\/client\/elmotech\/\"><img loading=\"lazy\" decoding=\"async\" width=\"321\" height=\"321\" src=\"http:\/\/outdoorstudio.ro\/greensearch\/wp-content\/uploads\/23-elmotech.png\" class=\"attachment-dsvy-img-770x9999 size-dsvy-img-770x9999 wp-post-image\" alt=\"\" srcset=\"http:\/\/outdoorstudio.ro\/greensearch\/wp-content\/uploads\/23-elmotech.png 321w, http:\/\/outdoorstudio.ro\/greensearch\/wp-content\/uploads\/23-elmotech-300x300.png 300w\" sizes=\"auto, (max-width: 321px) 100vw, 321px\" \/><\/a><\/div>\t<\/div><\/article><article class=\"dsvy-ele dsvy-ele-client dsvy-client-style-1 col-md-6 col-lg-3   \"><div class=\"dsvy-client-wrapper\">\r\n\t<h4 class=\"dsvy-hide\">Emos<\/h4>\r\n\t\t\t<div class=\"dsvy-featured-wrapper\"><a href=\"http:\/\/outdoorstudio.ro\/greensearch\/client\/emos\/\"><img loading=\"lazy\" decoding=\"async\" width=\"321\" height=\"221\" src=\"http:\/\/outdoorstudio.ro\/greensearch\/wp-content\/uploads\/14-emos.png\" class=\"attachment-dsvy-img-770x9999 size-dsvy-img-770x9999 wp-post-image\" alt=\"\" \/><\/a><\/div>\t<\/div><\/article><article class=\"dsvy-ele dsvy-ele-client dsvy-client-style-1 col-md-6 col-lg-3   \"><div class=\"dsvy-client-wrapper\">\r\n\t<h4 class=\"dsvy-hide\">Fiege<\/h4>\r\n\t\t\t<div class=\"dsvy-featured-wrapper\"><a href=\"http:\/\/outdoorstudio.ro\/greensearch\/client\/fiege\/\"><img loading=\"lazy\" decoding=\"async\" width=\"321\" height=\"321\" src=\"http:\/\/outdoorstudio.ro\/greensearch\/wp-content\/uploads\/24-fiege.png\" class=\"attachment-dsvy-img-770x9999 size-dsvy-img-770x9999 wp-post-image\" alt=\"\" srcset=\"http:\/\/outdoorstudio.ro\/greensearch\/wp-content\/uploads\/24-fiege.png 321w, http:\/\/outdoorstudio.ro\/greensearch\/wp-content\/uploads\/24-fiege-300x300.png 300w\" sizes=\"auto, (max-width: 321px) 100vw, 321px\" \/><\/a><\/div>\t<\/div><\/article><article class=\"dsvy-ele dsvy-ele-client dsvy-client-style-1 col-md-6 col-lg-3   \"><div class=\"dsvy-client-wrapper\">\r\n\t<h4 class=\"dsvy-hide\">Fraisa<\/h4>\r\n\t\t\t<div class=\"dsvy-featured-wrapper\"><a href=\"http:\/\/outdoorstudio.ro\/greensearch\/client\/fraisa\/\"><img loading=\"lazy\" decoding=\"async\" width=\"321\" height=\"221\" src=\"http:\/\/outdoorstudio.ro\/greensearch\/wp-content\/uploads\/9-fraisa-logo-png-transparent.png\" class=\"attachment-dsvy-img-770x9999 size-dsvy-img-770x9999 wp-post-image\" alt=\"\" \/><\/a><\/div>\t<\/div><\/article><article class=\"dsvy-ele dsvy-ele-client dsvy-client-style-1 col-md-6 col-lg-3   \"><div class=\"dsvy-client-wrapper\">\r\n\t<h4 class=\"dsvy-hide\">Fressnapf<\/h4>\r\n\t\t\t<div class=\"dsvy-featured-wrapper\"><a href=\"http:\/\/outdoorstudio.ro\/greensearch\/client\/client-3\/\"><img loading=\"lazy\" decoding=\"async\" width=\"321\" height=\"321\" src=\"http:\/\/outdoorstudio.ro\/greensearch\/wp-content\/uploads\/3-fress.png\" class=\"attachment-dsvy-img-770x9999 size-dsvy-img-770x9999 wp-post-image\" alt=\"\" srcset=\"http:\/\/outdoorstudio.ro\/greensearch\/wp-content\/uploads\/3-fress.png 321w, http:\/\/outdoorstudio.ro\/greensearch\/wp-content\/uploads\/3-fress-300x300.png 300w\" sizes=\"auto, (max-width: 321px) 100vw, 321px\" \/><\/a><\/div>\t<\/div><\/article><article class=\"dsvy-ele dsvy-ele-client dsvy-client-style-1 col-md-6 col-lg-3   \"><div class=\"dsvy-client-wrapper\">\r\n\t<h4 class=\"dsvy-hide\">Gala<\/h4>\r\n\t\t\t<div class=\"dsvy-featured-wrapper\"><a href=\"http:\/\/outdoorstudio.ro\/greensearch\/client\/gala\/\"><img loading=\"lazy\" decoding=\"async\" width=\"321\" height=\"225\" src=\"http:\/\/outdoorstudio.ro\/greensearch\/wp-content\/uploads\/18-gala.png\" class=\"attachment-dsvy-img-770x9999 size-dsvy-img-770x9999 wp-post-image\" alt=\"\" \/><\/a><\/div>\t<\/div><\/article><article class=\"dsvy-ele dsvy-ele-client dsvy-client-style-1 col-md-6 col-lg-3   \"><div class=\"dsvy-client-wrapper\">\r\n\t<h4 class=\"dsvy-hide\">Gebo<\/h4>\r\n\t\t\t<div class=\"dsvy-featured-wrapper\"><a href=\"http:\/\/outdoorstudio.ro\/greensearch\/client\/gebo\/\"><img loading=\"lazy\" decoding=\"async\" width=\"321\" height=\"221\" src=\"http:\/\/outdoorstudio.ro\/greensearch\/wp-content\/uploads\/12-gebo.png\" class=\"attachment-dsvy-img-770x9999 size-dsvy-img-770x9999 wp-post-image\" alt=\"\" \/><\/a><\/div>\t<\/div><\/article><article class=\"dsvy-ele dsvy-ele-client dsvy-client-style-1 col-md-6 col-lg-3   \"><div class=\"dsvy-client-wrapper\">\r\n\t<h4 class=\"dsvy-hide\">Geze<\/h4>\r\n\t\t\t<div class=\"dsvy-featured-wrapper\"><a href=\"http:\/\/outdoorstudio.ro\/greensearch\/client\/client-4\/\"><img loading=\"lazy\" decoding=\"async\" width=\"321\" height=\"221\" src=\"http:\/\/outdoorstudio.ro\/greensearch\/wp-content\/uploads\/5-geze.png\" class=\"attachment-dsvy-img-770x9999 size-dsvy-img-770x9999 wp-post-image\" alt=\"\" \/><\/a><\/div>\t<\/div><\/article><article class=\"dsvy-ele dsvy-ele-client dsvy-client-style-1 col-md-6 col-lg-3   \"><div class=\"dsvy-client-wrapper\">\r\n\t<h4 class=\"dsvy-hide\">GLS<\/h4>\r\n\t\t\t<div class=\"dsvy-featured-wrapper\"><a href=\"http:\/\/outdoorstudio.ro\/greensearch\/client\/gls\/\"><img loading=\"lazy\" decoding=\"async\" width=\"321\" height=\"321\" src=\"http:\/\/outdoorstudio.ro\/greensearch\/wp-content\/uploads\/20-gls.png\" class=\"attachment-dsvy-img-770x9999 size-dsvy-img-770x9999 wp-post-image\" alt=\"\" srcset=\"http:\/\/outdoorstudio.ro\/greensearch\/wp-content\/uploads\/20-gls.png 321w, http:\/\/outdoorstudio.ro\/greensearch\/wp-content\/uploads\/20-gls-300x300.png 300w\" sizes=\"auto, (max-width: 321px) 100vw, 321px\" \/><\/a><\/div>\t<\/div><\/article><article class=\"dsvy-ele dsvy-ele-client dsvy-client-style-1 col-md-6 col-lg-3   \"><div class=\"dsvy-client-wrapper\">\r\n\t<h4 class=\"dsvy-hide\">Hartmann<\/h4>\r\n\t\t\t<div class=\"dsvy-featured-wrapper\"><a href=\"http:\/\/outdoorstudio.ro\/greensearch\/client\/hartmann\/\"><img loading=\"lazy\" decoding=\"async\" width=\"321\" height=\"321\" src=\"http:\/\/outdoorstudio.ro\/greensearch\/wp-content\/uploads\/26-hartmann.png\" class=\"attachment-dsvy-img-770x9999 size-dsvy-img-770x9999 wp-post-image\" alt=\"\" srcset=\"http:\/\/outdoorstudio.ro\/greensearch\/wp-content\/uploads\/26-hartmann.png 321w, http:\/\/outdoorstudio.ro\/greensearch\/wp-content\/uploads\/26-hartmann-300x300.png 300w\" sizes=\"auto, (max-width: 321px) 100vw, 321px\" \/><\/a><\/div>\t<\/div><\/article><article class=\"dsvy-ele dsvy-ele-client dsvy-client-style-1 col-md-6 col-lg-3   \"><div class=\"dsvy-client-wrapper\">\r\n\t<h4 class=\"dsvy-hide\">HSH Chemie<\/h4>\r\n\t\t\t<div class=\"dsvy-featured-wrapper\"><a href=\"http:\/\/outdoorstudio.ro\/greensearch\/client\/hsh-chemie\/\"><img loading=\"lazy\" decoding=\"async\" width=\"321\" height=\"221\" src=\"http:\/\/outdoorstudio.ro\/greensearch\/wp-content\/uploads\/17-hashchem.png\" class=\"attachment-dsvy-img-770x9999 size-dsvy-img-770x9999 wp-post-image\" alt=\"\" \/><\/a><\/div>\t<\/div><\/article><article class=\"dsvy-ele dsvy-ele-client dsvy-client-style-1 col-md-6 col-lg-3   \"><div class=\"dsvy-client-wrapper\">\r\n\t<h4 class=\"dsvy-hide\">Kaco<\/h4>\r\n\t\t\t<div class=\"dsvy-featured-wrapper\"><a href=\"http:\/\/outdoorstudio.ro\/greensearch\/client\/client-6\/\"><img loading=\"lazy\" decoding=\"async\" width=\"321\" height=\"221\" src=\"http:\/\/outdoorstudio.ro\/greensearch\/wp-content\/uploads\/6-kaco.png\" class=\"attachment-dsvy-img-770x9999 size-dsvy-img-770x9999 wp-post-image\" alt=\"\" \/><\/a><\/div>\t<\/div><\/article><article class=\"dsvy-ele dsvy-ele-client dsvy-client-style-1 col-md-6 col-lg-3   \"><div class=\"dsvy-client-wrapper\">\r\n\t<h4 class=\"dsvy-hide\">Low-Bonar<\/h4>\r\n\t\t\t<div class=\"dsvy-featured-wrapper\"><a href=\"http:\/\/outdoorstudio.ro\/greensearch\/client\/low-bonar\/\"><img loading=\"lazy\" decoding=\"async\" width=\"321\" height=\"221\" src=\"http:\/\/outdoorstudio.ro\/greensearch\/wp-content\/uploads\/13-low.png\" class=\"attachment-dsvy-img-770x9999 size-dsvy-img-770x9999 wp-post-image\" alt=\"\" \/><\/a><\/div>\t<\/div><\/article><article class=\"dsvy-ele dsvy-ele-client dsvy-client-style-1 col-md-6 col-lg-3   \"><div class=\"dsvy-client-wrapper\">\r\n\t<h4 class=\"dsvy-hide\">Peac<\/h4>\r\n\t\t\t<div class=\"dsvy-featured-wrapper\"><a href=\"http:\/\/outdoorstudio.ro\/greensearch\/client\/peac\/\"><img loading=\"lazy\" decoding=\"async\" width=\"321\" height=\"321\" src=\"http:\/\/outdoorstudio.ro\/greensearch\/wp-content\/uploads\/27-peac.png\" class=\"attachment-dsvy-img-770x9999 size-dsvy-img-770x9999 wp-post-image\" alt=\"\" srcset=\"http:\/\/outdoorstudio.ro\/greensearch\/wp-content\/uploads\/27-peac.png 321w, http:\/\/outdoorstudio.ro\/greensearch\/wp-content\/uploads\/27-peac-300x300.png 300w\" sizes=\"auto, (max-width: 321px) 100vw, 321px\" \/><\/a><\/div>\t<\/div><\/article><article class=\"dsvy-ele dsvy-ele-client dsvy-client-style-1 col-md-6 col-lg-3   \"><div class=\"dsvy-client-wrapper\">\r\n\t<h4 class=\"dsvy-hide\">Pernod Ricard<\/h4>\r\n\t\t\t<div class=\"dsvy-featured-wrapper\"><a href=\"http:\/\/outdoorstudio.ro\/greensearch\/client\/pernod-ricard\/\"><img loading=\"lazy\" decoding=\"async\" width=\"321\" height=\"221\" src=\"http:\/\/outdoorstudio.ro\/greensearch\/wp-content\/uploads\/7-pric.png\" class=\"attachment-dsvy-img-770x9999 size-dsvy-img-770x9999 wp-post-image\" alt=\"\" \/><\/a><\/div>\t<\/div><\/article><article class=\"dsvy-ele dsvy-ele-client dsvy-client-style-1 col-md-6 col-lg-3   \"><div class=\"dsvy-client-wrapper\">\r\n\t<h4 class=\"dsvy-hide\">Schnyder<\/h4>\r\n\t\t\t<div class=\"dsvy-featured-wrapper\"><a href=\"http:\/\/outdoorstudio.ro\/greensearch\/client\/client-3-2\/\"><img loading=\"lazy\" decoding=\"async\" width=\"321\" height=\"321\" src=\"http:\/\/outdoorstudio.ro\/greensearch\/wp-content\/uploads\/4-sch.png\" class=\"attachment-dsvy-img-770x9999 size-dsvy-img-770x9999 wp-post-image\" alt=\"\" srcset=\"http:\/\/outdoorstudio.ro\/greensearch\/wp-content\/uploads\/4-sch.png 321w, http:\/\/outdoorstudio.ro\/greensearch\/wp-content\/uploads\/4-sch-300x300.png 300w\" sizes=\"auto, (max-width: 321px) 100vw, 321px\" \/><\/a><\/div>\t<\/div><\/article><article class=\"dsvy-ele dsvy-ele-client dsvy-client-style-1 col-md-6 col-lg-3   \"><div class=\"dsvy-client-wrapper\">\r\n\t<h4 class=\"dsvy-hide\">Space<\/h4>\r\n\t\t\t<div class=\"dsvy-featured-wrapper\"><a href=\"http:\/\/outdoorstudio.ro\/greensearch\/client\/space\/\"><img loading=\"lazy\" decoding=\"async\" width=\"321\" height=\"221\" src=\"http:\/\/outdoorstudio.ro\/greensearch\/wp-content\/uploads\/16-space.png\" class=\"attachment-dsvy-img-770x9999 size-dsvy-img-770x9999 wp-post-image\" alt=\"\" \/><\/a><\/div>\t<\/div><\/article><article class=\"dsvy-ele dsvy-ele-client dsvy-client-style-1 col-md-6 col-lg-3   \"><div class=\"dsvy-client-wrapper\">\r\n\t<h4 class=\"dsvy-hide\">Stappert<\/h4>\r\n\t\t\t<div class=\"dsvy-featured-wrapper\"><a href=\"http:\/\/outdoorstudio.ro\/greensearch\/client\/stappert\/\"><img loading=\"lazy\" decoding=\"async\" width=\"319\" height=\"221\" src=\"http:\/\/outdoorstudio.ro\/greensearch\/wp-content\/uploads\/10-stappert.png\" class=\"attachment-dsvy-img-770x9999 size-dsvy-img-770x9999 wp-post-image\" alt=\"\" \/><\/a><\/div>\t<\/div><\/article><article class=\"dsvy-ele dsvy-ele-client dsvy-client-style-1 col-md-6 col-lg-3   \"><div class=\"dsvy-client-wrapper\">\r\n\t<h4 class=\"dsvy-hide\">Van Leeuwen<\/h4>\r\n\t\t\t<div class=\"dsvy-featured-wrapper\"><a href=\"http:\/\/outdoorstudio.ro\/greensearch\/client\/van-leeuwen\/\"><img loading=\"lazy\" decoding=\"async\" width=\"321\" height=\"321\" src=\"http:\/\/outdoorstudio.ro\/greensearch\/wp-content\/uploads\/28-van.png\" class=\"attachment-dsvy-img-770x9999 size-dsvy-img-770x9999 wp-post-image\" alt=\"\" srcset=\"http:\/\/outdoorstudio.ro\/greensearch\/wp-content\/uploads\/28-van.png 321w, http:\/\/outdoorstudio.ro\/greensearch\/wp-content\/uploads\/28-van-300x300.png 300w\" sizes=\"auto, (max-width: 321px) 100vw, 321px\" \/><\/a><\/div>\t<\/div><\/article><article class=\"dsvy-ele dsvy-ele-client dsvy-client-style-1 col-md-6 col-lg-3   \"><div class=\"dsvy-client-wrapper\">\r\n\t<h4 class=\"dsvy-hide\">Volvo<\/h4>\r\n\t\t\t<div class=\"dsvy-featured-wrapper\"><a href=\"http:\/\/outdoorstudio.ro\/greensearch\/client\/client-2\/\"><img loading=\"lazy\" decoding=\"async\" width=\"321\" height=\"321\" src=\"http:\/\/outdoorstudio.ro\/greensearch\/wp-content\/uploads\/2-volvo-1.png\" class=\"attachment-dsvy-img-770x9999 size-dsvy-img-770x9999 wp-post-image\" alt=\"\" srcset=\"http:\/\/outdoorstudio.ro\/greensearch\/wp-content\/uploads\/2-volvo-1.png 321w, http:\/\/outdoorstudio.ro\/greensearch\/wp-content\/uploads\/2-volvo-1-300x300.png 300w\" sizes=\"auto, (max-width: 321px) 100vw, 321px\" \/><\/a><\/div>\t<\/div><\/article><article class=\"dsvy-ele dsvy-ele-client dsvy-client-style-1 col-md-6 col-lg-3   \"><div class=\"dsvy-client-wrapper\">\r\n\t<h4 class=\"dsvy-hide\">Weidm\u00fcller<\/h4>\r\n\t\t\t<div class=\"dsvy-featured-wrapper\"><a href=\"http:\/\/outdoorstudio.ro\/greensearch\/client\/weidmuller\/\"><img loading=\"lazy\" decoding=\"async\" width=\"321\" height=\"321\" src=\"http:\/\/outdoorstudio.ro\/greensearch\/wp-content\/uploads\/29-weid.png\" class=\"attachment-dsvy-img-770x9999 size-dsvy-img-770x9999 wp-post-image\" alt=\"\" srcset=\"http:\/\/outdoorstudio.ro\/greensearch\/wp-content\/uploads\/29-weid.png 321w, http:\/\/outdoorstudio.ro\/greensearch\/wp-content\/uploads\/29-weid-300x300.png 300w\" sizes=\"auto, (max-width: 321px) 100vw, 321px\" \/><\/a><\/div>\t<\/div><\/article><article class=\"dsvy-ele dsvy-ele-client dsvy-client-style-1 col-md-6 col-lg-3   \"><div class=\"dsvy-client-wrapper\">\r\n\t<h4 class=\"dsvy-hide\">Wienerberger<\/h4>\r\n\t\t\t<div class=\"dsvy-featured-wrapper\"><a href=\"http:\/\/outdoorstudio.ro\/greensearch\/client\/wienerberger\/\"><img loading=\"lazy\" decoding=\"async\" width=\"321\" height=\"321\" src=\"http:\/\/outdoorstudio.ro\/greensearch\/wp-content\/uploads\/30-wien.png\" class=\"attachment-dsvy-img-770x9999 size-dsvy-img-770x9999 wp-post-image\" alt=\"\" srcset=\"http:\/\/outdoorstudio.ro\/greensearch\/wp-content\/uploads\/30-wien.png 321w, http:\/\/outdoorstudio.ro\/greensearch\/wp-content\/uploads\/30-wien-300x300.png 300w\" sizes=\"auto, (max-width: 321px) 100vw, 321px\" \/><\/a><\/div>\t<\/div><\/article><article class=\"dsvy-ele dsvy-ele-client dsvy-client-style-1 col-md-6 col-lg-3   \"><div class=\"dsvy-client-wrapper\">\r\n\t<h4 class=\"dsvy-hide\">Xelles<\/h4>\r\n\t\t\t<div class=\"dsvy-featured-wrapper\"><a href=\"http:\/\/outdoorstudio.ro\/greensearch\/client\/xelles\/\"><img loading=\"lazy\" decoding=\"async\" width=\"321\" height=\"221\" src=\"http:\/\/outdoorstudio.ro\/greensearch\/wp-content\/uploads\/15-xeless.png\" class=\"attachment-dsvy-img-770x9999 size-dsvy-img-770x9999 wp-post-image\" alt=\"\" \/><\/a><\/div>\t<\/div><\/article><article class=\"dsvy-ele dsvy-ele-client dsvy-client-style-1 col-md-6 col-lg-3   \"><div class=\"dsvy-client-wrapper\">\r\n\t<h4 class=\"dsvy-hide\">Zentis<\/h4>\r\n\t\t\t<div class=\"dsvy-featured-wrapper\"><a href=\"http:\/\/outdoorstudio.ro\/greensearch\/client\/zentis\/\"><img loading=\"lazy\" decoding=\"async\" width=\"321\" height=\"221\" src=\"http:\/\/outdoorstudio.ro\/greensearch\/wp-content\/uploads\/8-zentis.png\" class=\"attachment-dsvy-img-770x9999 size-dsvy-img-770x9999 wp-post-image\" alt=\"\" \/><\/a><\/div>\t<\/div><\/article>\r\n\t\t\t<\/div>\r\n\r\n\t\t\t\r\n\t\t\r\n\t\t<\/div><!-- .designervily-element-inner -->   <\/div><!-- .designervily-element -->  \r\n\t    \t\t<\/div>\n\t\t\t\t<\/div>\n\t\t\t\t\t<\/div>\n\t\t<\/div>\n\t\t\t\t\t\t\t<\/div>\n\t\t<\/section>\n\t\t\t\t\t\t<\/div>\n\t\t\t\t\t<\/div>\n\t\t","protected":false},"excerpt":{"rendered":"<p>Az elm\u00falt 5 \u00e9v kiemelt partnerei Referenci\u00e1inkb\u00f3l Barentz Boortmalt Borealis Daikin DHL Elmotech Emos Fiege Fraisa Fressnapf Gala Gebo Geze GLS Hartmann HSH Chemie Kaco Low-Bonar Peac Pernod Ricard Schnyder Space Stappert Van Leeuwen Volvo Weidm\u00fcller Wienerberger Xelles Zentis<\/p>\n","protected":false},"author":1,"featured_media":0,"parent":0,"menu_order":8,"comment_status":"closed","ping_status":"closed","template":"","meta":{"footnotes":""},"class_list":["post-8555","page","type-page","status-publish","hentry"],"acf":[],"_links":{"self":[{"href":"http:\/\/outdoorstudio.ro\/greensearch\/wp-json\/wp\/v2\/pages\/8555","targetHints":{"allow":["GET"]}}],"collection":[{"href":"http:\/\/outdoorstudio.ro\/greensearch\/wp-json\/wp\/v2\/pages"}],"about":[{"href":"http:\/\/outdoorstudio.ro\/greensearch\/wp-json\/wp\/v2\/types\/page"}],"author":[{"embeddable":true,"href":"http:\/\/outdoorstudio.ro\/greensearch\/wp-json\/wp\/v2\/users\/1"}],"replies":[{"embeddable":true,"href":"http:\/\/outdoorstudio.ro\/greensearch\/wp-json\/wp\/v2\/comments?post=8555"}],"version-history":[{"count":13,"href":"http:\/\/outdoorstudio.ro\/greensearch\/wp-json\/wp\/v2\/pages\/8555\/revisions"}],"predecessor-version":[{"id":9303,"href":"http:\/\/outdoorstudio.ro\/greensearch\/wp-json\/wp\/v2\/pages\/8555\/revisions\/9303"}],"wp:attachment":[{"href":"http:\/\/outdoorstudio.ro\/greensearch\/wp-json\/wp\/v2\/media?parent=8555"}],"curies":[{"name":"wp","href":"https:\/\/api.w.org\/{rel}","templated":true}]}}