{"id":8607,"date":"2023-07-13T16:43:32","date_gmt":"2023-07-13T14:43:32","guid":{"rendered":"http:\/\/outdoorstudio.ro\/greensearch\/?page_id=8607"},"modified":"2023-07-13T16:45:39","modified_gmt":"2023-07-13T14:45:39","slug":"zart-keresesek","status":"publish","type":"page","link":"http:\/\/outdoorstudio.ro\/greensearch\/zart-keresesek\/","title":{"rendered":"Z\u00e1rt keres\u00e9sek"},"content":{"rendered":"\t\t<div data-elementor-type=\"wp-page\" data-elementor-id=\"8607\" class=\"elementor elementor-8607\" data-elementor-settings=\"[]\">\n\t\t\t\t\t\t\t<div class=\"elementor-section-wrap\">\n\t\t\t\t\t\t\t<section class=\"elementor-section elementor-top-section elementor-element elementor-element-529573d dsvy-col-stretched-none dsvy-bg-color-over-image elementor-section-boxed elementor-section-height-default elementor-section-height-default\" data-id=\"529573d\" data-element_type=\"section\">\n\t\t\t\t\t\t<div class=\"elementor-container elementor-column-gap-default\">\n\t\t\t\t\t<div class=\"elementor-column elementor-col-100 elementor-top-column elementor-element elementor-element-0575d2a dsvy-bg-color-over-image\" data-id=\"0575d2a\" data-element_type=\"column\">\n\t\t\t<div class=\"elementor-widget-wrap elementor-element-populated\">\n\t\t\t\t\t\t\t\t<div class=\"elementor-element elementor-element-6877068 dsvy-align-center elementor-widget elementor-widget-dsvy_heading\" data-id=\"6877068\" data-element_type=\"widget\" data-widget_type=\"dsvy_heading.default\">\n\t\t\t\t<div class=\"elementor-widget-container\">\n\t\t\t\t<div class=\"dsvy-heading-subheading center-align dsvy-reverse-heading-yes\"><h2 class=\"dsvy-element-title\">\r\n\t\t\t\r\n\t\t\t\tKeres\u00e9seink egy r\u00e9sze titkos. <br>\nAmennyiben valamelyik poz\u00edci\u00f3 \u00e9rdekli, k\u00e9rj\u00fck jelezze fel\u00e9nk.\r\n\t\t\t\r\n\t\t\t<\/h2>\r\n\t\t<\/div>\t\t<\/div>\n\t\t\t\t<\/div>\n\t\t\t\t\t<\/div>\n\t\t<\/div>\n\t\t\t\t\t\t\t<\/div>\n\t\t<\/section>\n\t\t\t\t<section class=\"elementor-section elementor-top-section elementor-element elementor-element-69180f8 dsvy-col-stretched-none dsvy-bg-color-over-image elementor-section-boxed elementor-section-height-default elementor-section-height-default\" data-id=\"69180f8\" data-element_type=\"section\">\n\t\t\t\t\t\t<div class=\"elementor-container elementor-column-gap-default\">\n\t\t\t\t\t<div class=\"elementor-column elementor-col-100 elementor-top-column elementor-element elementor-element-97fe8b0 dsvy-bg-color-over-image\" data-id=\"97fe8b0\" data-element_type=\"column\">\n\t\t\t<div class=\"elementor-widget-wrap elementor-element-populated\">\n\t\t\t\t\t\t\t\t<div class=\"elementor-element elementor-element-c2f660d elementor-align-center dsvy-btn-color-globalcolor dsvy-btn-style-flat dsvy-btn-shape-square elementor-widget elementor-widget-button\" data-id=\"c2f660d\" data-element_type=\"widget\" data-widget_type=\"button.default\">\n\t\t\t\t<div class=\"elementor-widget-container\">\n\t\t\t\t\t<div class=\"elementor-button-wrapper\">\n\t\t\t<a href=\"http:\/\/outdoorstudio.ro\/greensearch\/elerhetoseg\/\" class=\"elementor-button-link elementor-button elementor-size-lg\" role=\"button\">\n\t\t\t\t\t\t<span class=\"elementor-button-content-wrapper\">\n\t\t\t\t\t\t<span class=\"elementor-button-text\">\u00c9RDEKLI VALAMELYIK?<\/span>\n\t\t<\/span>\n\t\t\t\t\t<\/a>\n\t\t<\/div>\n\t\t\t\t<\/div>\n\t\t\t\t<\/div>\n\t\t\t\t\t<\/div>\n\t\t<\/div>\n\t\t\t\t\t\t\t<\/div>\n\t\t<\/section>\n\t\t\t\t\t\t<\/div>\n\t\t\t\t\t<\/div>\n\t\t","protected":false},"excerpt":{"rendered":"<p>Keres\u00e9seink egy r\u00e9sze titkos. Amennyiben valamelyik poz\u00edci\u00f3 \u00e9rdekli, k\u00e9rj\u00fck jelezze fel\u00e9nk. \u00c9RDEKLI VALAMELYIK?<\/p>\n","protected":false},"author":1,"featured_media":0,"parent":0,"menu_order":8,"comment_status":"closed","ping_status":"closed","template":"","meta":{"footnotes":""},"class_list":["post-8607","page","type-page","status-publish","hentry"],"acf":[],"_links":{"self":[{"href":"http:\/\/outdoorstudio.ro\/greensearch\/wp-json\/wp\/v2\/pages\/8607","targetHints":{"allow":["GET"]}}],"collection":[{"href":"http:\/\/outdoorstudio.ro\/greensearch\/wp-json\/wp\/v2\/pages"}],"about":[{"href":"http:\/\/outdoorstudio.ro\/greensearch\/wp-json\/wp\/v2\/types\/page"}],"author":[{"embeddable":true,"href":"http:\/\/outdoorstudio.ro\/greensearch\/wp-json\/wp\/v2\/users\/1"}],"replies":[{"embeddable":true,"href":"http:\/\/outdoorstudio.ro\/greensearch\/wp-json\/wp\/v2\/comments?post=8607"}],"version-history":[{"count":7,"href":"http:\/\/outdoorstudio.ro\/greensearch\/wp-json\/wp\/v2\/pages\/8607\/revisions"}],"predecessor-version":[{"id":8614,"href":"http:\/\/outdoorstudio.ro\/greensearch\/wp-json\/wp\/v2\/pages\/8607\/revisions\/8614"}],"wp:attachment":[{"href":"http:\/\/outdoorstudio.ro\/greensearch\/wp-json\/wp\/v2\/media?parent=8607"}],"curies":[{"name":"wp","href":"https:\/\/api.w.org\/{rel}","templated":true}]}}