{"id":8779,"date":"2023-08-01T22:46:06","date_gmt":"2023-08-01T20:46:06","guid":{"rendered":"http:\/\/outdoorstudio.ro\/greensearch\/?page_id=8779"},"modified":"2023-09-05T17:11:36","modified_gmt":"2023-09-05T15:11:36","slug":"nemzetkozi-keresesek","status":"publish","type":"page","link":"http:\/\/outdoorstudio.ro\/greensearch\/nemzetkozi-keresesek\/","title":{"rendered":"Nemzetk\u00f6zi keres\u00e9sek"},"content":{"rendered":"\t\t<div data-elementor-type=\"wp-page\" data-elementor-id=\"8779\" class=\"elementor elementor-8779\" data-elementor-settings=\"[]\">\n\t\t\t\t\t\t\t<div class=\"elementor-section-wrap\">\n\t\t\t\t\t\t\t<section class=\"elementor-section elementor-top-section elementor-element elementor-element-69180f8 dsvy-col-stretched-none dsvy-bg-color-over-image elementor-section-boxed elementor-section-height-default elementor-section-height-default\" data-id=\"69180f8\" data-element_type=\"section\">\n\t\t\t\t\t\t<div class=\"elementor-container elementor-column-gap-default\">\n\t\t\t\t\t<div class=\"elementor-column elementor-col-100 elementor-top-column elementor-element elementor-element-97fe8b0 dsvy-bg-color-over-image\" data-id=\"97fe8b0\" data-element_type=\"column\">\n\t\t\t<div class=\"elementor-widget-wrap\">\n\t\t\t\t\t\t\t\t\t<\/div>\n\t\t<\/div>\n\t\t\t\t\t\t\t<\/div>\n\t\t<\/section>\n\t\t\t\t<section class=\"elementor-section elementor-top-section elementor-element elementor-element-c17c473 dsvy-col-stretched-none dsvy-bg-color-over-image elementor-section-boxed elementor-section-height-default elementor-section-height-default\" data-id=\"c17c473\" data-element_type=\"section\">\n\t\t\t\t\t\t<div class=\"elementor-container elementor-column-gap-default\">\n\t\t\t\t\t<div class=\"elementor-column elementor-col-100 elementor-top-column elementor-element elementor-element-45e28ec dsvy-bg-color-over-image\" data-id=\"45e28ec\" data-element_type=\"column\">\n\t\t\t<div class=\"elementor-widget-wrap elementor-element-populated\">\n\t\t\t\t\t\t\t\t<div class=\"elementor-element elementor-element-651375b elementor-widget elementor-widget-text-editor\" data-id=\"651375b\" data-element_type=\"widget\" data-widget_type=\"text-editor.default\">\n\t\t\t\t<div class=\"elementor-widget-container\">\n\t\t\t\t\t\t\t<p>Az elm\u00falt id\u0151szakban r\u00e9szben a megl\u00e9v\u0151 \u00fcgyfeleinken, r\u00e9szben aj\u00e1nl\u00e1sokon kereszt\u00fcl kiemelt f\u00f3kuszt ford\u00edtunk a nemzetk\u00f6zi kapcsolatok \u00e9p\u00edt\u00e9s\u00e9re.<\/p><p>Els\u0151 k\u00f6rben az eur\u00f3pai orsz\u00e1gokra koncentr\u00e1lunk \u00e9s azokra az ipar\u00e1gakra, amiben itthon is er\u0151sek vagyunk. K\u00f6z\u00e9p &#8211; \u00e9s fels\u0151vezet\u0151k, k\u00fcl\u00f6nb\u00f6z\u0151 szakter\u00fcletek specialist\u00e1inak (p\u00e9nz\u00fcgy, termel\u00e9s, logisztika, beszerz\u00e9s) a kiv\u00e1laszt\u00e1s\u00e1val foglalkozunk.<\/p>\t\t\t\t\t\t<\/div>\n\t\t\t\t<\/div>\n\t\t\t\t\t<\/div>\n\t\t<\/div>\n\t\t\t\t\t\t\t<\/div>\n\t\t<\/section>\n\t\t\t\t<section class=\"elementor-section elementor-top-section elementor-element elementor-element-c12b2c2 dsvy-col-stretched-none dsvy-bg-color-over-image elementor-section-boxed elementor-section-height-default elementor-section-height-default\" data-id=\"c12b2c2\" data-element_type=\"section\">\n\t\t\t\t\t\t<div class=\"elementor-container elementor-column-gap-default\">\n\t\t\t\t\t<div class=\"elementor-column elementor-col-100 elementor-top-column elementor-element elementor-element-822a73a dsvy-bg-color-over-image\" data-id=\"822a73a\" data-element_type=\"column\">\n\t\t\t<div class=\"elementor-widget-wrap elementor-element-populated\">\n\t\t\t\t\t\t\t\t<div class=\"elementor-element elementor-element-ac16fe3 dsvy-align-center elementor-widget elementor-widget-dsvy_heading\" data-id=\"ac16fe3\" data-element_type=\"widget\" data-widget_type=\"dsvy_heading.default\">\n\t\t\t\t<div class=\"elementor-widget-container\">\n\t\t\t\t<div class=\"dsvy-heading-subheading center-align dsvy-reverse-heading-yes\"><h2 class=\"dsvy-element-title\">\r\n\t\t\t\r\n\t\t\t\t<span style=\"color: #008000\">Ha szolg\u00e1ltat\u00e1sunk felkeltette \u00e9rdekl\u0151d\u00e9s\u00e9t, <span style=\"text-decoration: underline\"><a href=\"http:\/\/outdoorstudio.ro\/greensearch\/elerhetoseg\/\">vegye fel vel\u00fcnk a kapcsolatot<\/a><\/span>.<\/span>\r\n\t\t\t\r\n\t\t\t<\/h2>\r\n\t\t<\/div>\t\t<\/div>\n\t\t\t\t<\/div>\n\t\t\t\t\t<\/div>\n\t\t<\/div>\n\t\t\t\t\t\t\t<\/div>\n\t\t<\/section>\n\t\t\t\t<section class=\"elementor-section elementor-top-section elementor-element elementor-element-eb3edad dsvy-col-stretched-none dsvy-bg-color-over-image elementor-section-boxed elementor-section-height-default elementor-section-height-default\" data-id=\"eb3edad\" data-element_type=\"section\">\n\t\t\t\t\t\t<div class=\"elementor-container elementor-column-gap-default\">\n\t\t\t\t\t<div class=\"elementor-column elementor-col-33 elementor-top-column elementor-element elementor-element-4c83c49 dsvy-bg-color-over-image\" data-id=\"4c83c49\" data-element_type=\"column\">\n\t\t\t<div class=\"elementor-widget-wrap\">\n\t\t\t\t\t\t\t\t\t<\/div>\n\t\t<\/div>\n\t\t\t\t<div class=\"elementor-column elementor-col-33 elementor-top-column elementor-element elementor-element-fc37390 dsvy-bg-color-over-image\" data-id=\"fc37390\" data-element_type=\"column\">\n\t\t\t<div class=\"elementor-widget-wrap elementor-element-populated\">\n\t\t\t\t\t\t\t\t<div class=\"elementor-element elementor-element-13bd837 elementor-widget elementor-widget-image\" data-id=\"13bd837\" data-element_type=\"widget\" data-widget_type=\"image.default\">\n\t\t\t\t<div class=\"elementor-widget-container\">\n\t\t\t\t\t\t\t\t\t\t\t\t\t\t\t<img loading=\"lazy\" decoding=\"async\" width=\"2048\" height=\"1536\" src=\"http:\/\/outdoorstudio.ro\/greensearch\/wp-content\/uploads\/GS-csapat-2.jpg\" class=\"attachment-large size-large\" alt=\"\" \/>\t\t\t\t\t\t\t\t\t\t\t\t\t\t\t<\/div>\n\t\t\t\t<\/div>\n\t\t\t\t\t<\/div>\n\t\t<\/div>\n\t\t\t\t<div class=\"elementor-column elementor-col-33 elementor-top-column elementor-element elementor-element-5eefcc7 dsvy-bg-color-over-image\" data-id=\"5eefcc7\" data-element_type=\"column\">\n\t\t\t<div class=\"elementor-widget-wrap\">\n\t\t\t\t\t\t\t\t\t<\/div>\n\t\t<\/div>\n\t\t\t\t\t\t\t<\/div>\n\t\t<\/section>\n\t\t\t\t\t\t<\/div>\n\t\t\t\t\t<\/div>\n\t\t","protected":false},"excerpt":{"rendered":"<p>Az elm\u00falt id\u0151szakban r\u00e9szben a megl\u00e9v\u0151 \u00fcgyfeleinken, r\u00e9szben aj\u00e1nl\u00e1sokon kereszt\u00fcl kiemelt f\u00f3kuszt ford\u00edtunk a nemzetk\u00f6zi kapcsolatok \u00e9p\u00edt\u00e9s\u00e9re. Els\u0151 k\u00f6rben az eur\u00f3pai orsz\u00e1gokra koncentr\u00e1lunk \u00e9s azokra az ipar\u00e1gakra, amiben itthon is er\u0151sek vagyunk. K\u00f6z\u00e9p &#8211; \u00e9s fels\u0151vezet\u0151k, k\u00fcl\u00f6nb\u00f6z\u0151 szakter\u00fcletek specialist\u00e1inak (p\u00e9nz\u00fcgy, termel\u00e9s, logisztika, beszerz\u00e9s) a kiv\u00e1laszt\u00e1s\u00e1val foglalkozunk. Ha szolg\u00e1ltat\u00e1sunk felkeltette \u00e9rdekl\u0151d\u00e9s\u00e9t, vegye fel vel\u00fcnk a kapcsolatot.<\/p>\n","protected":false},"author":1,"featured_media":0,"parent":0,"menu_order":8,"comment_status":"closed","ping_status":"closed","template":"","meta":{"footnotes":""},"class_list":["post-8779","page","type-page","status-publish","hentry"],"acf":[],"_links":{"self":[{"href":"http:\/\/outdoorstudio.ro\/greensearch\/wp-json\/wp\/v2\/pages\/8779","targetHints":{"allow":["GET"]}}],"collection":[{"href":"http:\/\/outdoorstudio.ro\/greensearch\/wp-json\/wp\/v2\/pages"}],"about":[{"href":"http:\/\/outdoorstudio.ro\/greensearch\/wp-json\/wp\/v2\/types\/page"}],"author":[{"embeddable":true,"href":"http:\/\/outdoorstudio.ro\/greensearch\/wp-json\/wp\/v2\/users\/1"}],"replies":[{"embeddable":true,"href":"http:\/\/outdoorstudio.ro\/greensearch\/wp-json\/wp\/v2\/comments?post=8779"}],"version-history":[{"count":16,"href":"http:\/\/outdoorstudio.ro\/greensearch\/wp-json\/wp\/v2\/pages\/8779\/revisions"}],"predecessor-version":[{"id":9377,"href":"http:\/\/outdoorstudio.ro\/greensearch\/wp-json\/wp\/v2\/pages\/8779\/revisions\/9377"}],"wp:attachment":[{"href":"http:\/\/outdoorstudio.ro\/greensearch\/wp-json\/wp\/v2\/media?parent=8779"}],"curies":[{"name":"wp","href":"https:\/\/api.w.org\/{rel}","templated":true}]}}